{"id":10,"date":"2022-12-12T23:37:00","date_gmt":"2022-12-12T22:37:00","guid":{"rendered":"https:\/\/www.nestax.com\/?page_id=10"},"modified":"2023-10-29T14:43:37","modified_gmt":"2023-10-29T13:43:37","slug":"home","status":"publish","type":"page","link":"https:\/\/www.nestax.com\/","title":{"rendered":"Schachmatt."},"content":{"rendered":"\n<div class=\"wp-block-group alignwide\"><div class=\"wp-block-group__inner-container is-layout-flow wp-block-group-is-layout-flow\">\n<h2 class=\"wp-block-heading has-text-align-center\">Die Welt ist im Wandel.<br>Zusammen k\u00f6nnen wir die Zukunft gestalten.<\/h2>\n\n\n\n<blockquote class=\"wp-block-quote is-layout-flow wp-block-quote-is-layout-flow\">\n<p>Es beginnt eine neue \u00c4ra der digitalen Welt, es ist jetzt Zeit zu handeln und \u00fcber die Zukunft mitzuentscheiden.<\/p>\n<cite>Nestax Foundation<\/cite><\/blockquote>\n<\/div><\/div>\n\n\n\n<div class=\"wp-block-columns alignwide is-layout-flex wp-container-core-columns-is-layout-9d6595d7 wp-block-columns-is-layout-flex\">\n<div class=\"wp-block-column is-layout-flow wp-block-column-is-layout-flow\">\n<div class=\"wp-block-group\"><div class=\"wp-block-group__inner-container is-layout-flow wp-block-group-is-layout-flow\">\n<div class=\"wp-block-group alignfull\"><div class=\"wp-block-group__inner-container is-layout-constrained wp-block-group-is-layout-constrained\">\n<figure class=\"wp-block-image size-full\"><img loading=\"lazy\" decoding=\"async\" width=\"1139\" height=\"854\" src=\"https:\/\/www.nestax.com\/wp-content\/uploads\/2022\/12\/pexels-pixabay-163097-edited.jpg\" alt=\"\" class=\"wp-image-53\" srcset=\"https:\/\/www.nestax.com\/wp-content\/uploads\/2022\/12\/pexels-pixabay-163097-edited.jpg 1139w, https:\/\/www.nestax.com\/wp-content\/uploads\/2022\/12\/pexels-pixabay-163097-edited-300x225.jpg 300w, https:\/\/www.nestax.com\/wp-content\/uploads\/2022\/12\/pexels-pixabay-163097-edited-1024x768.jpg 1024w, https:\/\/www.nestax.com\/wp-content\/uploads\/2022\/12\/pexels-pixabay-163097-edited-768x576.jpg 768w\" sizes=\"auto, (max-width: 1139px) 100vw, 1139px\" \/><\/figure>\n<\/div><\/div>\n\n\n\n<h3 class=\"wp-block-heading\">Der digitale Exodus<\/h3>\n\n\n\n<p>Den Mut aufzubringen sich von sozialen Plattformen zu trennen ist nicht so einfach, aber es ist durchaus lohnend.<\/p>\n\n\n\n<div class=\"wp-block-button is-style-outline is-style-outline--1\"><a class=\"wp-block-button__link wp-element-button\" href=\"https:\/\/make.wordpress.org\/core\/2019\/09\/27\/block-editor-theme-related-updates-in-wordpress-5-3\/\">Mehr<\/a><\/div>\n<\/div><\/div>\n\n\n\n<div class=\"wp-block-group\"><div class=\"wp-block-group__inner-container is-layout-flow wp-block-group-is-layout-flow\">\n<figure class=\"wp-block-image alignfull size-large\"><img loading=\"lazy\" decoding=\"async\" width=\"1024\" height=\"768\" src=\"https:\/\/www.nestax.com\/wp-content\/uploads\/2022\/12\/pexels-red-zeppelin-4148472-1024x768.jpg\" alt=\"\" class=\"wp-image-61\" srcset=\"https:\/\/www.nestax.com\/wp-content\/uploads\/2022\/12\/pexels-red-zeppelin-4148472-1024x768.jpg 1024w, https:\/\/www.nestax.com\/wp-content\/uploads\/2022\/12\/pexels-red-zeppelin-4148472-300x225.jpg 300w, https:\/\/www.nestax.com\/wp-content\/uploads\/2022\/12\/pexels-red-zeppelin-4148472-768x576.jpg 768w, https:\/\/www.nestax.com\/wp-content\/uploads\/2022\/12\/pexels-red-zeppelin-4148472-1200x900.jpg 1200w, https:\/\/www.nestax.com\/wp-content\/uploads\/2022\/12\/pexels-red-zeppelin-4148472.jpg 1280w\" sizes=\"auto, (max-width: 1024px) 100vw, 1024px\" \/><\/figure>\n\n\n\n<h3 class=\"wp-block-heading\">Verzerrte Interpretation<\/h3>\n\n\n\n<p>Warum es uns nicht gelingt die Klimawende zu erreichen.<\/p>\n\n\n\n<div class=\"wp-block-button is-style-outline is-style-outline--2\"><a class=\"wp-block-button__link wp-element-button\" href=\"https:\/\/make.wordpress.org\/core\/2019\/09\/27\/block-editor-theme-related-updates-in-wordpress-5-3\/\">Mehr<\/a><\/div>\n<\/div><\/div>\n<\/div>\n\n\n\n<div class=\"wp-block-column is-layout-flow wp-block-column-is-layout-flow\">\n<div class=\"wp-block-group\"><div class=\"wp-block-group__inner-container is-layout-flow wp-block-group-is-layout-flow\">\n<figure class=\"wp-block-image alignfull size-large\"><img loading=\"lazy\" decoding=\"async\" width=\"960\" height=\"720\" src=\"https:\/\/www.nestax.com\/wp-content\/uploads\/2022\/12\/pexels-nur-andi-ravsanjani-gusma-88652-edited.jpg\" alt=\"\" class=\"wp-image-59\" srcset=\"https:\/\/www.nestax.com\/wp-content\/uploads\/2022\/12\/pexels-nur-andi-ravsanjani-gusma-88652-edited.jpg 960w, https:\/\/www.nestax.com\/wp-content\/uploads\/2022\/12\/pexels-nur-andi-ravsanjani-gusma-88652-edited-300x225.jpg 300w, https:\/\/www.nestax.com\/wp-content\/uploads\/2022\/12\/pexels-nur-andi-ravsanjani-gusma-88652-edited-768x576.jpg 768w\" sizes=\"auto, (max-width: 960px) 100vw, 960px\" \/><\/figure>\n\n\n\n<h3 class=\"wp-block-heading\">2050: Das Ende der Welt<\/h3>\n\n\n\n<p>Warum die Menschheit nicht mehr zu retten ist. Mutter Natur mustert eine Spezies aus.<\/p>\n\n\n\n<div class=\"wp-block-button is-style-outline is-style-outline--3\"><a class=\"wp-block-button__link wp-element-button\" href=\"https:\/\/make.wordpress.org\/core\/2019\/09\/27\/block-editor-theme-related-updates-in-wordpress-5-3\/\">Mehr<\/a><\/div>\n<\/div><\/div>\n\n\n\n<div class=\"wp-block-group\"><div class=\"wp-block-group__inner-container is-layout-flow wp-block-group-is-layout-flow\">\n<figure class=\"wp-block-image alignfull size-large\"><img loading=\"lazy\" decoding=\"async\" width=\"1054\" height=\"791\" src=\"https:\/\/www.nestax.com\/wp-content\/uploads\/2022\/12\/pexels-pixabay-46169-edited.jpg\" alt=\"\" class=\"wp-image-63\" srcset=\"https:\/\/www.nestax.com\/wp-content\/uploads\/2022\/12\/pexels-pixabay-46169-edited.jpg 1054w, https:\/\/www.nestax.com\/wp-content\/uploads\/2022\/12\/pexels-pixabay-46169-edited-300x225.jpg 300w, https:\/\/www.nestax.com\/wp-content\/uploads\/2022\/12\/pexels-pixabay-46169-edited-1024x768.jpg 1024w, https:\/\/www.nestax.com\/wp-content\/uploads\/2022\/12\/pexels-pixabay-46169-edited-768x576.jpg 768w\" sizes=\"auto, (max-width: 1054px) 100vw, 1054px\" \/><\/figure>\n\n\n\n<h3 class=\"wp-block-heading\">Energie als Schl\u00fcssel<\/h3>\n\n\n\n<p>Was Energie wirklich ist, und wie man sie besser versteht.<\/p>\n\n\n\n<div class=\"wp-block-button is-style-outline is-style-outline--4\"><a class=\"wp-block-button__link wp-element-button\" href=\"https:\/\/make.wordpress.org\/core\/2019\/09\/27\/block-editor-theme-related-updates-in-wordpress-5-3\/\">Mehr<\/a><\/div>\n<\/div><\/div>\n<\/div>\n<\/div>\n\n\n\n<figure class=\"wp-block-image alignfull size-large\"><img loading=\"lazy\" decoding=\"async\" width=\"1920\" height=\"1081\" src=\"https:\/\/www.nestax.com\/wp-content\/uploads\/2022\/12\/pexels-oday-hazeem-106606-edited.jpg\" alt=\"\" class=\"wp-image-66\" srcset=\"https:\/\/www.nestax.com\/wp-content\/uploads\/2022\/12\/pexels-oday-hazeem-106606-edited.jpg 1920w, https:\/\/www.nestax.com\/wp-content\/uploads\/2022\/12\/pexels-oday-hazeem-106606-edited-300x169.jpg 300w, https:\/\/www.nestax.com\/wp-content\/uploads\/2022\/12\/pexels-oday-hazeem-106606-edited-1024x577.jpg 1024w, https:\/\/www.nestax.com\/wp-content\/uploads\/2022\/12\/pexels-oday-hazeem-106606-edited-768x432.jpg 768w, https:\/\/www.nestax.com\/wp-content\/uploads\/2022\/12\/pexels-oday-hazeem-106606-edited-1536x865.jpg 1536w, https:\/\/www.nestax.com\/wp-content\/uploads\/2022\/12\/pexels-oday-hazeem-106606-edited-1200x676.jpg 1200w\" sizes=\"auto, (max-width: 1920px) 100vw, 1920px\" \/><\/figure>\n\n\n\n<div class=\"wp-block-group alignwide\"><div class=\"wp-block-group__inner-container is-layout-flow wp-block-group-is-layout-flow\">\n<h2 class=\"wp-block-heading has-text-align-center has-accent-color has-text-color\">\u201cFehlerhafte Komponenten werden toleriert, aber bald werden sie ausgemustert\u201d<\/h2>\n<\/div><\/div>\n\n\n\n<blockquote class=\"wp-block-quote is-layout-flow wp-block-quote-is-layout-flow\">\n<p>Der Mensch findet oft einen Weg, die Natur jedoch immer.<\/p>\n<cite>Norbert Auer<\/cite><\/blockquote>\n\n\n\n<p class=\"has-drop-cap\">Der Mensch l\u00f6st seine Probleme mit der Technologie so: Ist ein Gegenstand nicht mehr oder nur teilweise in der Lage seinen Beitrag zum Gesamtprozess zu leisten, so wird dieser zeitnah ausgetauscht oder gar komplett ersetzt. Die Analogie zur Natur ist: Die Natur macht es auf die selbe Weise, jedoch voll autonom und ohne Vorwarnung, der physikalischen Gesetze sei dank.<\/p>\n\n\n\n<p>Der Punkt ist: <strong>Auf jede Aktion folgt eine Reaktion.<\/strong> Diese Aussage mag abstrakt und naiv erscheinen, doch sie ist alles andere als das. Dieses Statement ist eine kognitive Errungenschaft des Menschen. Er hat begriffen, dass jegliche Einwirkung auf ein Objekt eine Gegenreaktion ausl\u00f6st. Die gemeinsame Verbindung dieser Aktionen nennt sich Energie. Sie ist allgegenw\u00e4rtig, stets an Masse gebunden und mit allen Mitteln strebt sie nach Effizienz ihrerseits. Was die Energie als &#8222;Effizienz&#8220; versteht, w\u00fcrde der Mensch als &#8222;Verlust&#8220; interpretieren.<\/p>\n\n\n\n<h4 class=\"wp-block-heading\">Eine Veranschaulichung<\/h4>\n\n\n\n<p>Energie versucht immer in einer Form vorzuliegen, die m\u00f6glichst ausgeglichen und langlebig ist. So sind volatile Energieformen die seltensten, wohin gegen potenzielle Energie die am h\u00e4ufigsten vorkommende Art darstellt. Das blo\u00dfe Vorhandensein von Masse in Abh\u00e4ngigkeit von Beschleunigung stellt ein immenses Energiepotential dar.<br>Wird ein Parameter ver\u00e4ndert, so kommt das bisher solide und integre System ins Ungleichgewicht, dies hat eine unmittelbare Anpassung der Energieform zur Folge.<\/p>\n\n\n\n<p><\/p>\n\n\n\n<div class=\"wp-block-group alignwide has-background\" style=\"background-color:#ffffff\"><div class=\"wp-block-group__inner-container is-layout-flow wp-block-group-is-layout-flow\">\n<div class=\"wp-block-group\"><div class=\"wp-block-group__inner-container is-layout-flow wp-block-group-is-layout-flow\">\n<h2 class=\"wp-block-heading has-text-align-center\">Die Welt im 21. Jahrhundert neu interpretiert<\/h2>\n\n\n\n<p class=\"has-text-align-center\">Woraus wir aus unserer eigenen Vergangenheit lernen sollten, was sich lohnt mitzunehmen und welche Verbesserungen wir in Betracht ziehen sollten.<\/p>\n\n\n\n<div class=\"wp-block-button aligncenter\"><a class=\"wp-block-button__link wp-element-button\" href=\"https:\/\/make.wordpress.org\/core\/2019\/09\/27\/block-editor-theme-related-updates-in-wordpress-5-3\/\">ERFAHRE MEHR<\/a><\/div>\n<\/div><\/div>\n<\/div><\/div>\n\n\n\n<figure class=\"wp-block-gallery alignwide has-nested-images columns-default is-cropped wp-block-gallery-5 is-layout-flex wp-block-gallery-is-layout-flex\">\n<figure class=\"wp-block-image size-large\"><img decoding=\"async\" data-id=\"39\" src=\"https:\/\/www.nestax.com\/wp-content\/themes\/twentytwenty\/assets\/images\/2020-square-2.png\" alt=\"\" class=\"wp-image-39\"\/><\/figure>\n\n\n\n<figure class=\"wp-block-image size-large\"><img decoding=\"async\" data-id=\"38\" src=\"https:\/\/www.nestax.com\/wp-content\/themes\/twentytwenty\/assets\/images\/2020-square-1.png\" alt=\"\" class=\"wp-image-38\"\/><\/figure>\n<\/figure>\n","protected":false},"excerpt":{"rendered":"<p>Die Welt ist im Wandel.Zusammen k\u00f6nnen wir die Zukunft gestalten. Es beginnt eine neue \u00c4ra der digitalen Welt, es ist jetzt Zeit zu handeln und \u00fcber die Zukunft mitzuentscheiden. Der digitale Exodus Den Mut aufzubringen sich von sozialen Plattformen zu trennen ist nicht so einfach, aber es ist durchaus lohnend. Verzerrte Interpretation Warum es uns [&hellip;]<\/p>\n","protected":false},"author":1,"featured_media":6,"parent":0,"menu_order":0,"comment_status":"closed","ping_status":"closed","template":"","meta":{"footnotes":""},"class_list":["post-10","page","type-page","status-publish","has-post-thumbnail","hentry"],"_links":{"self":[{"href":"https:\/\/www.nestax.com\/index.php\/wp-json\/wp\/v2\/pages\/10","targetHints":{"allow":["GET"]}}],"collection":[{"href":"https:\/\/www.nestax.com\/index.php\/wp-json\/wp\/v2\/pages"}],"about":[{"href":"https:\/\/www.nestax.com\/index.php\/wp-json\/wp\/v2\/types\/page"}],"author":[{"embeddable":true,"href":"https:\/\/www.nestax.com\/index.php\/wp-json\/wp\/v2\/users\/1"}],"replies":[{"embeddable":true,"href":"https:\/\/www.nestax.com\/index.php\/wp-json\/wp\/v2\/comments?post=10"}],"version-history":[{"count":14,"href":"https:\/\/www.nestax.com\/index.php\/wp-json\/wp\/v2\/pages\/10\/revisions"}],"predecessor-version":[{"id":84,"href":"https:\/\/www.nestax.com\/index.php\/wp-json\/wp\/v2\/pages\/10\/revisions\/84"}],"wp:featuredmedia":[{"embeddable":true,"href":"https:\/\/www.nestax.com\/index.php\/wp-json\/wp\/v2\/media\/6"}],"wp:attachment":[{"href":"https:\/\/www.nestax.com\/index.php\/wp-json\/wp\/v2\/media?parent=10"}],"curies":[{"name":"wp","href":"https:\/\/api.w.org\/{rel}","templated":true}]}}